{"id":1725,"date":"2022-04-06T11:41:35","date_gmt":"2022-04-06T09:41:35","guid":{"rendered":"https:\/\/gylle.se\/wenn-gylle-mec\/"},"modified":"2023-04-04T15:03:10","modified_gmt":"2023-04-04T13:03:10","slug":"wenn-gylle-mec","status":"publish","type":"page","link":"https:\/\/gylle.se\/de\/wenn-gylle-mec\/","title":{"rendered":"Wenn Gylle Mec"},"content":{"rendered":"\n\t<section class=\"section\" id=\"section_2124140281\">\n\t\t<div class=\"section-bg fill\" >\n\t\t\t\t\t\t\t\t\t\n\t\t\t\n\n\t\t<\/div>\n\n\t\t\n\n\t\t<div class=\"section-content relative\">\n\t\t\t\n<div class=\"row\"  id=\"row-1030219354\">\n\n\t<div id=\"col-1552291810\" class=\"col small-12 large-12\"  >\n\t\t\t\t<div class=\"col-inner\"  >\n\t\t\t\n\t\t\t\n\t<div id=\"text-2021540716\" class=\"text\">\n\t\t\n<h1 class=\"headline-underlined--center\">Wenn Gylle Mec<\/h1>\n\t\t\n<style>\n#text-2021540716 {\n  text-align: center;\n}\n<\/style>\n\t<\/div>\n\t\n<blockquote>\n<p>Seitdem haben wir eine Produktion in einer Reihe von Bereichen, st\u00e4ndig den Fokus auf Fahrzeuge und Fahrzeugshersteller verschiedenster Arten gerichtet.<\/p>\n<p>Von unter anderem Blinkern, Lichtschaltern, und Blinkerrelays haben wir seit den 60-ziger Jahren den Fokus auf die heutigen Produkte gerichtet.  <\/p>\n<\/blockquote>\n<h3>Geschichte<\/h3>\n<p>Gylle Mec wurde bereits 1946 gegr\u00fcndet.<\/p>\n<p>Seitdem haben wir in den verschiedensten Bereichen produziert, immer ausgerichtet auf Fahrzeuge und Fahrzeughersteller verschiedener Art. Von Blinkern, Lichtschaltern und Blinkrelais u. a. haben wir das Gesch\u00e4ft in den 1960er Jahren bis zu den heutigen Produkten gesteuert. <\/p>\n<h3>Der Markt<\/h3>\n<p>Wir sind die in Nordeuropas f\u00fchrende Hersteller von Positions- und Seitenmarkierungs- lichtern, ausgestatten mit Gummifu\u00df.<\/p>\n<p>Unsere Produkte sind in erster Linie f\u00fcr Lastw\u00e4gen, Traktoren, Forstwirtschaftsmaschinen und \u00e4hnliche Fahrzeuge konzipiert.<\/p>\n<p>Mit unserer langj\u00e4hrigen Erfahrung und unserer Marktn\u00e4he erzeugen wir Produkte, die den Bed\u00fcrfnissen und den Anforderungen unserer Kunden entsprechen. Da wir selbst f\u00fcr einen Gro\u00dfteil der Produktentwicklung verantwortlich sind, k\u00f6nnen wir Qualit\u00e4t garantieren, die die beste auf dem Markt ist. Unter anderem haben wir eine Art Eind\u00e4mmung konstruiert, die gem\u00e4\u00df IP 67 sowohl wasser- als auch staubdicht ist.  <\/p>\n<h3>Unser Fokus<\/h3>\n<p>Unser Fokus ist es, innerhalb der der Branche marktf\u00fchrend zu sein.<\/p>\n<p>Wir wagen zu behaupten, dass wir die Branche gut kennen. Wir h\u00f6ren auf unsere Kunden, immer jene Produkte herzustellen, die deren Bed\u00fcrfnissen und Anforderungen entsprechen. Wir pflegen auch guten Kontakt zu den Zulieferern und Konstrukteuren und sind daher oftmals f\u00fchrend was die Entwicklung neuer Materialien und Konstruktionen betrifft.  <\/p>\n<h3>Dioden und Lampenqualit\u00e4t<\/h3>\n<p>Einige gesch\u00e4tzte Eigenschaften unserer Dioden (LED) sind die Lebensdauer und die Sparsamkeit beim Stromverbrauch.<\/p>\n<p>Die Lebensdauer von LEDs ist wesentlich l\u00e4nger als jene einer traditionellen Gl\u00fchbirne. Damit reduziert sich die H\u00e4ufigkeit des Wechselns der Lampen und das Verlegen von Kabeln. Die heutigen LED brauchen nur 2,4 W insgesamt, verglichen mit 10 W f\u00fcr eine Gl\u00fchbirne.  <\/p>\n<p>Ein Kalk\u00fcl, das vor allem den Preis von Lampen und LED inkludiert, deren Lebensdauer sowie die Kosten und der Zeitaufwand entfallen mit gro\u00dfem Marginal zu Gunsten der Dioden. Als Nordeuropas gr\u00f6\u00dfter Lieferer haben wir gute Vertr\u00e4ge mit unseren Zulieferern. Dar\u00fcber hinaus haben wir gute Kontakte zu Herstellern und Konstrukteuren, was uns wiederum einen Vorsprung gegen\u00fcber unseren Konkurrenten erm\u00f6glicht, was wir immer an unsere Kunden weitergeben k\u00f6nnen.  <\/p>\n<h3>Herstellung und Montage<\/h3>\n<p>Die Herstellung und Montage geschieht teils in unseren eigenen Werkst\u00e4tten in Borl\u00e4nge, teils in von uns anerkannten Fabriken im Ausland.<\/p>\n<p>Jede Endmontage, Pr\u00fcfung und Kontrolle wird in Schweden vorgenommen, um weiter Qualit\u00e4t zu garantieren. Dar\u00fcber hinaus wird die Endmontage mit einem hochentwickelten Industrieroboter vorgenommen, was wiederum gleichm\u00e4\u00dfig hohe Qualit\u00e4t gew\u00e4hrleistet. <\/p>\n<h3>Produkte mit E-Kennzeichung<\/h3>\n<p>Gylle Mec war eines der ersten Unternehmen in der Welt, die wei\u00dfe LED mit einer E-Kennzeichnung versehen hat. Die Kennzeichnung entspricht einer Qualit\u00e4tsanforderung, um bei\/auf\/an einem Fahrzeug montiert werden zu d\u00fcrfen.<\/p>\n<p>Das ist eine Best\u00e4tigung f\u00fcr unsere Bem\u00fchungen, im technischen Bereiche sowie der Weiterentwicklung immer die Nase vorne zu haben. Unsere R\u00fccklichter \u2013 sowohl die roten, als auch die orangenen Diodenlampen, haben diese E-Kennzeichnung. <\/p>\n\t\t<\/div>\n\t\t\t\t\n<style>\n#col-1552291810 > .col-inner {\n  margin: 0px 0px 30px 0px;\n}\n<\/style>\n\t<\/div>\n\n\t\n\n<style>\n#row-1030219354 > .col > .col-inner {\n  background-color: rgb(255, 255, 255);\n}\n<\/style>\n<\/div>\n\t\t<\/div>\n\n\t\t\n<style>\n#section_2124140281 {\n  padding-top: 30px;\n  padding-bottom: 30px;\n  background-color: rgb(255, 255, 255);\n}\n<\/style>\n\t<\/section>\n\t\n","protected":false},"excerpt":{"rendered":"","protected":false},"author":1,"featured_media":0,"parent":0,"menu_order":0,"comment_status":"closed","ping_status":"closed","template":"","meta":{"footnotes":""},"class_list":["post-1725","page","type-page","status-publish","hentry"],"yoast_head":"<!-- This site is optimized with the Yoast SEO plugin v26.4 - https:\/\/yoast.com\/wordpress\/plugins\/seo\/ -->\n<title>Wenn Gylle Mec - Gylle Mec AB<\/title>\n<meta name=\"robots\" content=\"index, follow, max-snippet:-1, max-image-preview:large, max-video-preview:-1\" \/>\n<link rel=\"canonical\" href=\"https:\/\/gylle.se\/de\/wenn-gylle-mec\/\" \/>\n<meta property=\"og:locale\" content=\"de_DE\" \/>\n<meta property=\"og:type\" content=\"article\" \/>\n<meta property=\"og:title\" content=\"Wenn Gylle Mec - Gylle Mec AB\" \/>\n<meta property=\"og:url\" content=\"https:\/\/gylle.se\/de\/wenn-gylle-mec\/\" \/>\n<meta property=\"og:site_name\" content=\"Gylle Mec AB\" \/>\n<meta property=\"article:modified_time\" content=\"2023-04-04T13:03:10+00:00\" \/>\n<meta name=\"twitter:card\" content=\"summary_large_image\" \/>\n<meta name=\"twitter:label1\" content=\"Gesch\u00e4tzte Lesezeit\" \/>\n\t<meta name=\"twitter:data1\" content=\"3\u00a0Minuten\" \/>\n<script type=\"application\/ld+json\" class=\"yoast-schema-graph\">{\"@context\":\"https:\/\/schema.org\",\"@graph\":[{\"@type\":\"WebPage\",\"@id\":\"https:\/\/gylle.se\/de\/wenn-gylle-mec\/\",\"url\":\"https:\/\/gylle.se\/de\/wenn-gylle-mec\/\",\"name\":\"Wenn Gylle Mec - Gylle Mec AB\",\"isPartOf\":{\"@id\":\"https:\/\/gylle.se\/#website\"},\"datePublished\":\"2022-04-06T09:41:35+00:00\",\"dateModified\":\"2023-04-04T13:03:10+00:00\",\"breadcrumb\":{\"@id\":\"https:\/\/gylle.se\/de\/wenn-gylle-mec\/#breadcrumb\"},\"inLanguage\":\"de\",\"potentialAction\":[{\"@type\":\"ReadAction\",\"target\":[\"https:\/\/gylle.se\/de\/wenn-gylle-mec\/\"]}]},{\"@type\":\"BreadcrumbList\",\"@id\":\"https:\/\/gylle.se\/de\/wenn-gylle-mec\/#breadcrumb\",\"itemListElement\":[{\"@type\":\"ListItem\",\"position\":1,\"name\":\"Hem\",\"item\":\"https:\/\/gylle.se\/\"},{\"@type\":\"ListItem\",\"position\":2,\"name\":\"Wenn Gylle Mec\"}]},{\"@type\":\"WebSite\",\"@id\":\"https:\/\/gylle.se\/#website\",\"url\":\"https:\/\/gylle.se\/\",\"name\":\"Gylle Mec AB\",\"description\":\"\u00c4nnu en WordPress-webbplats\",\"publisher\":{\"@id\":\"https:\/\/gylle.se\/#organization\"},\"potentialAction\":[{\"@type\":\"SearchAction\",\"target\":{\"@type\":\"EntryPoint\",\"urlTemplate\":\"https:\/\/gylle.se\/?s={search_term_string}\"},\"query-input\":{\"@type\":\"PropertyValueSpecification\",\"valueRequired\":true,\"valueName\":\"search_term_string\"}}],\"inLanguage\":\"de\"},{\"@type\":\"Organization\",\"@id\":\"https:\/\/gylle.se\/#organization\",\"name\":\"Gylle Mec AB\",\"url\":\"https:\/\/gylle.se\/\",\"logo\":{\"@type\":\"ImageObject\",\"inLanguage\":\"de\",\"@id\":\"https:\/\/gylle.se\/#\/schema\/logo\/image\/\",\"url\":\"https:\/\/gylle.se\/wp-content\/uploads\/2021\/11\/gylle_logo.png\",\"contentUrl\":\"https:\/\/gylle.se\/wp-content\/uploads\/2021\/11\/gylle_logo.png\",\"width\":146,\"height\":150,\"caption\":\"Gylle Mec AB\"},\"image\":{\"@id\":\"https:\/\/gylle.se\/#\/schema\/logo\/image\/\"}}]}<\/script>\n<!-- \/ Yoast SEO plugin. -->","yoast_head_json":{"title":"Wenn Gylle Mec - Gylle Mec AB","robots":{"index":"index","follow":"follow","max-snippet":"max-snippet:-1","max-image-preview":"max-image-preview:large","max-video-preview":"max-video-preview:-1"},"canonical":"https:\/\/gylle.se\/de\/wenn-gylle-mec\/","og_locale":"de_DE","og_type":"article","og_title":"Wenn Gylle Mec - Gylle Mec AB","og_url":"https:\/\/gylle.se\/de\/wenn-gylle-mec\/","og_site_name":"Gylle Mec AB","article_modified_time":"2023-04-04T13:03:10+00:00","twitter_card":"summary_large_image","twitter_misc":{"Gesch\u00e4tzte Lesezeit":"3\u00a0Minuten"},"schema":{"@context":"https:\/\/schema.org","@graph":[{"@type":"WebPage","@id":"https:\/\/gylle.se\/de\/wenn-gylle-mec\/","url":"https:\/\/gylle.se\/de\/wenn-gylle-mec\/","name":"Wenn Gylle Mec - Gylle Mec AB","isPartOf":{"@id":"https:\/\/gylle.se\/#website"},"datePublished":"2022-04-06T09:41:35+00:00","dateModified":"2023-04-04T13:03:10+00:00","breadcrumb":{"@id":"https:\/\/gylle.se\/de\/wenn-gylle-mec\/#breadcrumb"},"inLanguage":"de","potentialAction":[{"@type":"ReadAction","target":["https:\/\/gylle.se\/de\/wenn-gylle-mec\/"]}]},{"@type":"BreadcrumbList","@id":"https:\/\/gylle.se\/de\/wenn-gylle-mec\/#breadcrumb","itemListElement":[{"@type":"ListItem","position":1,"name":"Hem","item":"https:\/\/gylle.se\/"},{"@type":"ListItem","position":2,"name":"Wenn Gylle Mec"}]},{"@type":"WebSite","@id":"https:\/\/gylle.se\/#website","url":"https:\/\/gylle.se\/","name":"Gylle Mec AB","description":"\u00c4nnu en WordPress-webbplats","publisher":{"@id":"https:\/\/gylle.se\/#organization"},"potentialAction":[{"@type":"SearchAction","target":{"@type":"EntryPoint","urlTemplate":"https:\/\/gylle.se\/?s={search_term_string}"},"query-input":{"@type":"PropertyValueSpecification","valueRequired":true,"valueName":"search_term_string"}}],"inLanguage":"de"},{"@type":"Organization","@id":"https:\/\/gylle.se\/#organization","name":"Gylle Mec AB","url":"https:\/\/gylle.se\/","logo":{"@type":"ImageObject","inLanguage":"de","@id":"https:\/\/gylle.se\/#\/schema\/logo\/image\/","url":"https:\/\/gylle.se\/wp-content\/uploads\/2021\/11\/gylle_logo.png","contentUrl":"https:\/\/gylle.se\/wp-content\/uploads\/2021\/11\/gylle_logo.png","width":146,"height":150,"caption":"Gylle Mec AB"},"image":{"@id":"https:\/\/gylle.se\/#\/schema\/logo\/image\/"}}]}},"_links":{"self":[{"href":"https:\/\/gylle.se\/de\/wp-json\/wp\/v2\/pages\/1725","targetHints":{"allow":["GET"]}}],"collection":[{"href":"https:\/\/gylle.se\/de\/wp-json\/wp\/v2\/pages"}],"about":[{"href":"https:\/\/gylle.se\/de\/wp-json\/wp\/v2\/types\/page"}],"author":[{"embeddable":true,"href":"https:\/\/gylle.se\/de\/wp-json\/wp\/v2\/users\/1"}],"replies":[{"embeddable":true,"href":"https:\/\/gylle.se\/de\/wp-json\/wp\/v2\/comments?post=1725"}],"version-history":[{"count":2,"href":"https:\/\/gylle.se\/de\/wp-json\/wp\/v2\/pages\/1725\/revisions"}],"predecessor-version":[{"id":1727,"href":"https:\/\/gylle.se\/de\/wp-json\/wp\/v2\/pages\/1725\/revisions\/1727"}],"wp:attachment":[{"href":"https:\/\/gylle.se\/de\/wp-json\/wp\/v2\/media?parent=1725"}],"curies":[{"name":"wp","href":"https:\/\/api.w.org\/{rel}","templated":true}]}}