{"id":223,"date":"2021-12-02T13:45:28","date_gmt":"2021-12-02T12:45:28","guid":{"rendered":"https:\/\/gylle.se\/product\/gylle-eco-rod-positionsljus-24v\/"},"modified":"2021-12-02T13:45:28","modified_gmt":"2021-12-02T12:45:28","slug":"gylle-eco-rod-positionsljus-24v","status":"publish","type":"product","link":"https:\/\/gylle.se\/de\/produkt\/gylle-eco-rod-positionsljus-24v\/","title":{"rendered":"GYLLE ECO R\u00f6d Positionsljus 24V"},"content":{"rendered":"<p>Nyhet fr&aring;n Gylle en billigare Positionslykta med ny led teknik och en helt ny serie positionsljus och bakljus som g&aring;r under namnet ECO. En lite mer ekonomiskt serie med besparing med f&auml;rre dioder och kortare kabel endast 0,5 meter. Fortfarande samma goda kvalitet men med f&auml;rre dioder. lyktan &auml;r polaritetsoberoende och mycket smidig att ansluta.&nbsp;<\/p>\n<p>&nbsp;<\/p>\n","protected":false},"excerpt":{"rendered":"<p>Positionsljus<br \/>\nE-M\u00e4rkt<br \/>\n1 Led<br \/>\n24V<br \/>\n72mm Diameter<br \/>\n38mm H\u00f6jd<br \/>\nPassar Gylle Original Gummiarm<\/p>\n","protected":false},"featured_media":221,"comment_status":"closed","ping_status":"closed","template":"","meta":[],"pwb-brand":[18],"product_brand":[],"product_cat":[21,19,22],"product_tag":[],"class_list":{"0":"post-223","1":"product","2":"type-product","3":"status-publish","4":"has-post-thumbnail","6":"pwb-brand-gylle","7":"product_cat-markeringsljus-positionsljus-led","8":"product_cat-sidomarkering-och-positionsljus","9":"product_cat-tillbehor-till-positions-markeringsljus","11":"first","12":"instock","13":"shipping-taxable","14":"product-type-simple"},"yoast_head":"<!-- This site is optimized with the Yoast SEO plugin v26.4 - https:\/\/yoast.com\/wordpress\/plugins\/seo\/ -->\n<title>GYLLE ECO R\u00f6d Positionsljus 24V - Gylle Mec AB<\/title>\n<meta name=\"robots\" content=\"index, follow, max-snippet:-1, max-image-preview:large, max-video-preview:-1\" \/>\n<link rel=\"canonical\" href=\"https:\/\/gylle.se\/produkt\/gylle-eco-rod-positionsljus-24v\/\" \/>\n<meta property=\"og:locale\" content=\"de_DE\" \/>\n<meta property=\"og:type\" content=\"article\" \/>\n<meta property=\"og:title\" content=\"GYLLE ECO R\u00f6d Positionsljus 24V - Gylle Mec AB\" \/>\n<meta property=\"og:description\" content=\"Positionsljus E-M\u00e4rkt 1 Led 24V 72mm Diameter 38mm H\u00f6jd Passar Gylle Original Gummiarm\" \/>\n<meta property=\"og:url\" content=\"https:\/\/gylle.se\/produkt\/gylle-eco-rod-positionsljus-24v\/\" \/>\n<meta property=\"og:site_name\" content=\"Gylle Mec AB\" \/>\n<meta property=\"og:image\" content=\"https:\/\/gylle.se\/wp-content\/uploads\/2021\/12\/0000355_gylle-eco-rod-positionsljus-24v.jpeg\" \/>\n\t<meta property=\"og:image:width\" content=\"1280\" \/>\n\t<meta property=\"og:image:height\" content=\"1277\" \/>\n\t<meta property=\"og:image:type\" content=\"image\/jpeg\" \/>\n<meta name=\"twitter:card\" content=\"summary_large_image\" \/>\n<script type=\"application\/ld+json\" class=\"yoast-schema-graph\">{\"@context\":\"https:\/\/schema.org\",\"@graph\":[{\"@type\":\"WebPage\",\"@id\":\"https:\/\/gylle.se\/produkt\/gylle-eco-rod-positionsljus-24v\/\",\"url\":\"https:\/\/gylle.se\/produkt\/gylle-eco-rod-positionsljus-24v\/\",\"name\":\"GYLLE ECO R\u00f6d Positionsljus 24V - Gylle Mec AB\",\"isPartOf\":{\"@id\":\"https:\/\/gylle.se\/#website\"},\"primaryImageOfPage\":{\"@id\":\"https:\/\/gylle.se\/produkt\/gylle-eco-rod-positionsljus-24v\/#primaryimage\"},\"image\":{\"@id\":\"https:\/\/gylle.se\/produkt\/gylle-eco-rod-positionsljus-24v\/#primaryimage\"},\"thumbnailUrl\":\"https:\/\/gylle.se\/wp-content\/uploads\/2021\/12\/0000355_gylle-eco-rod-positionsljus-24v.jpeg\",\"datePublished\":\"2021-12-02T12:45:28+00:00\",\"breadcrumb\":{\"@id\":\"https:\/\/gylle.se\/produkt\/gylle-eco-rod-positionsljus-24v\/#breadcrumb\"},\"inLanguage\":\"de\",\"potentialAction\":[{\"@type\":\"ReadAction\",\"target\":[\"https:\/\/gylle.se\/produkt\/gylle-eco-rod-positionsljus-24v\/\"]}]},{\"@type\":\"ImageObject\",\"inLanguage\":\"de\",\"@id\":\"https:\/\/gylle.se\/produkt\/gylle-eco-rod-positionsljus-24v\/#primaryimage\",\"url\":\"https:\/\/gylle.se\/wp-content\/uploads\/2021\/12\/0000355_gylle-eco-rod-positionsljus-24v.jpeg\",\"contentUrl\":\"https:\/\/gylle.se\/wp-content\/uploads\/2021\/12\/0000355_gylle-eco-rod-positionsljus-24v.jpeg\",\"width\":1280,\"height\":1277},{\"@type\":\"BreadcrumbList\",\"@id\":\"https:\/\/gylle.se\/produkt\/gylle-eco-rod-positionsljus-24v\/#breadcrumb\",\"itemListElement\":[{\"@type\":\"ListItem\",\"position\":1,\"name\":\"Hem\",\"item\":\"https:\/\/gylle.se\/\"},{\"@type\":\"ListItem\",\"position\":2,\"name\":\"Produkter\",\"item\":\"https:\/\/gylle.se\/de\/shop-2\/\"},{\"@type\":\"ListItem\",\"position\":3,\"name\":\"GYLLE ECO R\u00f6d Positionsljus 24V\"}]},{\"@type\":\"WebSite\",\"@id\":\"https:\/\/gylle.se\/#website\",\"url\":\"https:\/\/gylle.se\/\",\"name\":\"Gylle Mec AB\",\"description\":\"\u00c4nnu en WordPress-webbplats\",\"publisher\":{\"@id\":\"https:\/\/gylle.se\/#organization\"},\"potentialAction\":[{\"@type\":\"SearchAction\",\"target\":{\"@type\":\"EntryPoint\",\"urlTemplate\":\"https:\/\/gylle.se\/?s={search_term_string}\"},\"query-input\":{\"@type\":\"PropertyValueSpecification\",\"valueRequired\":true,\"valueName\":\"search_term_string\"}}],\"inLanguage\":\"de\"},{\"@type\":\"Organization\",\"@id\":\"https:\/\/gylle.se\/#organization\",\"name\":\"Gylle Mec AB\",\"url\":\"https:\/\/gylle.se\/\",\"logo\":{\"@type\":\"ImageObject\",\"inLanguage\":\"de\",\"@id\":\"https:\/\/gylle.se\/#\/schema\/logo\/image\/\",\"url\":\"https:\/\/gylle.se\/wp-content\/uploads\/2021\/11\/gylle_logo.png\",\"contentUrl\":\"https:\/\/gylle.se\/wp-content\/uploads\/2021\/11\/gylle_logo.png\",\"width\":146,\"height\":150,\"caption\":\"Gylle Mec AB\"},\"image\":{\"@id\":\"https:\/\/gylle.se\/#\/schema\/logo\/image\/\"}}]}<\/script>\n<!-- \/ Yoast SEO plugin. -->","yoast_head_json":{"title":"GYLLE ECO R\u00f6d Positionsljus 24V - Gylle Mec AB","robots":{"index":"index","follow":"follow","max-snippet":"max-snippet:-1","max-image-preview":"max-image-preview:large","max-video-preview":"max-video-preview:-1"},"canonical":"https:\/\/gylle.se\/produkt\/gylle-eco-rod-positionsljus-24v\/","og_locale":"de_DE","og_type":"article","og_title":"GYLLE ECO R\u00f6d Positionsljus 24V - Gylle Mec AB","og_description":"Positionsljus E-M\u00e4rkt 1 Led 24V 72mm Diameter 38mm H\u00f6jd Passar Gylle Original Gummiarm","og_url":"https:\/\/gylle.se\/produkt\/gylle-eco-rod-positionsljus-24v\/","og_site_name":"Gylle Mec AB","og_image":[{"width":1280,"height":1277,"url":"https:\/\/gylle.se\/wp-content\/uploads\/2021\/12\/0000355_gylle-eco-rod-positionsljus-24v.jpeg","type":"image\/jpeg"}],"twitter_card":"summary_large_image","schema":{"@context":"https:\/\/schema.org","@graph":[{"@type":"WebPage","@id":"https:\/\/gylle.se\/produkt\/gylle-eco-rod-positionsljus-24v\/","url":"https:\/\/gylle.se\/produkt\/gylle-eco-rod-positionsljus-24v\/","name":"GYLLE ECO R\u00f6d Positionsljus 24V - Gylle Mec AB","isPartOf":{"@id":"https:\/\/gylle.se\/#website"},"primaryImageOfPage":{"@id":"https:\/\/gylle.se\/produkt\/gylle-eco-rod-positionsljus-24v\/#primaryimage"},"image":{"@id":"https:\/\/gylle.se\/produkt\/gylle-eco-rod-positionsljus-24v\/#primaryimage"},"thumbnailUrl":"https:\/\/gylle.se\/wp-content\/uploads\/2021\/12\/0000355_gylle-eco-rod-positionsljus-24v.jpeg","datePublished":"2021-12-02T12:45:28+00:00","breadcrumb":{"@id":"https:\/\/gylle.se\/produkt\/gylle-eco-rod-positionsljus-24v\/#breadcrumb"},"inLanguage":"de","potentialAction":[{"@type":"ReadAction","target":["https:\/\/gylle.se\/produkt\/gylle-eco-rod-positionsljus-24v\/"]}]},{"@type":"ImageObject","inLanguage":"de","@id":"https:\/\/gylle.se\/produkt\/gylle-eco-rod-positionsljus-24v\/#primaryimage","url":"https:\/\/gylle.se\/wp-content\/uploads\/2021\/12\/0000355_gylle-eco-rod-positionsljus-24v.jpeg","contentUrl":"https:\/\/gylle.se\/wp-content\/uploads\/2021\/12\/0000355_gylle-eco-rod-positionsljus-24v.jpeg","width":1280,"height":1277},{"@type":"BreadcrumbList","@id":"https:\/\/gylle.se\/produkt\/gylle-eco-rod-positionsljus-24v\/#breadcrumb","itemListElement":[{"@type":"ListItem","position":1,"name":"Hem","item":"https:\/\/gylle.se\/"},{"@type":"ListItem","position":2,"name":"Produkter","item":"https:\/\/gylle.se\/de\/shop-2\/"},{"@type":"ListItem","position":3,"name":"GYLLE ECO R\u00f6d Positionsljus 24V"}]},{"@type":"WebSite","@id":"https:\/\/gylle.se\/#website","url":"https:\/\/gylle.se\/","name":"Gylle Mec AB","description":"\u00c4nnu en WordPress-webbplats","publisher":{"@id":"https:\/\/gylle.se\/#organization"},"potentialAction":[{"@type":"SearchAction","target":{"@type":"EntryPoint","urlTemplate":"https:\/\/gylle.se\/?s={search_term_string}"},"query-input":{"@type":"PropertyValueSpecification","valueRequired":true,"valueName":"search_term_string"}}],"inLanguage":"de"},{"@type":"Organization","@id":"https:\/\/gylle.se\/#organization","name":"Gylle Mec AB","url":"https:\/\/gylle.se\/","logo":{"@type":"ImageObject","inLanguage":"de","@id":"https:\/\/gylle.se\/#\/schema\/logo\/image\/","url":"https:\/\/gylle.se\/wp-content\/uploads\/2021\/11\/gylle_logo.png","contentUrl":"https:\/\/gylle.se\/wp-content\/uploads\/2021\/11\/gylle_logo.png","width":146,"height":150,"caption":"Gylle Mec AB"},"image":{"@id":"https:\/\/gylle.se\/#\/schema\/logo\/image\/"}}]}},"brands":[{"id":18,"name":"Gylle","slug":"gylle"}],"_links":{"self":[{"href":"https:\/\/gylle.se\/de\/wp-json\/wp\/v2\/product\/223","targetHints":{"allow":["GET"]}}],"collection":[{"href":"https:\/\/gylle.se\/de\/wp-json\/wp\/v2\/product"}],"about":[{"href":"https:\/\/gylle.se\/de\/wp-json\/wp\/v2\/types\/product"}],"replies":[{"embeddable":true,"href":"https:\/\/gylle.se\/de\/wp-json\/wp\/v2\/comments?post=223"}],"wp:featuredmedia":[{"embeddable":true,"href":"https:\/\/gylle.se\/de\/wp-json\/wp\/v2\/media\/221"}],"wp:attachment":[{"href":"https:\/\/gylle.se\/de\/wp-json\/wp\/v2\/media?parent=223"}],"wp:term":[{"taxonomy":"pwb-brand","embeddable":true,"href":"https:\/\/gylle.se\/de\/wp-json\/wp\/v2\/pwb-brand?post=223"},{"taxonomy":"product_brand","embeddable":true,"href":"https:\/\/gylle.se\/de\/wp-json\/wp\/v2\/product_brand?post=223"},{"taxonomy":"product_cat","embeddable":true,"href":"https:\/\/gylle.se\/de\/wp-json\/wp\/v2\/product_cat?post=223"},{"taxonomy":"product_tag","embeddable":true,"href":"https:\/\/gylle.se\/de\/wp-json\/wp\/v2\/product_tag?post=223"}],"curies":[{"name":"wp","href":"https:\/\/api.w.org\/{rel}","templated":true}]}}