{"id":448,"date":"2021-12-02T13:47:17","date_gmt":"2021-12-02T12:47:17","guid":{"rendered":"https:\/\/gylle.se\/product\/sidomarkeringsljus-orange-tacklock\/"},"modified":"2021-12-02T13:47:17","modified_gmt":"2021-12-02T12:47:17","slug":"sidomarkeringsljus-orange-tacklock","status":"publish","type":"product","link":"https:\/\/gylle.se\/en\/product\/sidomarkeringsljus-orange-tacklock\/","title":{"rendered":"Sidomarkeringsljus Orange \/ T\u00e4cklock"},"content":{"rendered":"<p>Sidomarkeringljus med Ledteknik tillverkat i slagt&aring;ligt makrolon\/polycarbonat<\/p>\n<p>12-24v<\/p>\n<p>110 mm l&aring;ng gummiarm<\/p>\n<p>5&nbsp;dioder som &auml;r placerade i en rak linje<\/p>\n<p>E- m&auml;rkt<\/p>\n<p>5 meterkabel<\/p>\n<p>G&aring;r &auml;ven att f&aring; med klarglas<\/p>\n<p>Artikel Nr:30891<\/p>\n<p>&nbsp;<\/p>\n","protected":false},"excerpt":{"rendered":"<p>Ljusstarka h\u00f6gintensiva dioder.<br \/>\ntypgodk\u00e4nda med E-m\u00e4rkt.<br \/>\nkomplett med 5 meters kabel.<br \/>\n1.2W<br \/>\n12-24V<br \/>\n5led orange.<br \/>\n110mm gummiarm.<br \/>\ntillverkad f\u00f6r nordiskt klimat. <\/p>\n","protected":false},"featured_media":447,"comment_status":"closed","ping_status":"closed","template":"","meta":[],"pwb-brand":[18],"product_brand":[],"product_cat":[21,19],"product_tag":[],"class_list":{"0":"post-448","1":"product","2":"type-product","3":"status-publish","4":"has-post-thumbnail","6":"pwb-brand-gylle","7":"product_cat-markeringsljus-positionsljus-led","8":"product_cat-sidomarkering-och-positionsljus","10":"first","11":"instock","12":"shipping-taxable","13":"product-type-simple"},"yoast_head":"<!-- This site is optimized with the Yoast SEO plugin v26.4 - https:\/\/yoast.com\/wordpress\/plugins\/seo\/ -->\n<title>Sidomarkeringsljus Orange \/ T\u00e4cklock - Gylle Mec AB<\/title>\n<meta name=\"robots\" content=\"index, follow, max-snippet:-1, max-image-preview:large, max-video-preview:-1\" \/>\n<link rel=\"canonical\" href=\"https:\/\/gylle.se\/produkt\/sidomarkeringsljus-orange-tacklock\/\" \/>\n<meta property=\"og:locale\" content=\"en_US\" \/>\n<meta property=\"og:type\" content=\"article\" \/>\n<meta property=\"og:title\" content=\"Sidomarkeringsljus Orange \/ T\u00e4cklock - Gylle Mec AB\" \/>\n<meta property=\"og:description\" content=\"Ljusstarka h\u00f6gintensiva dioder. typgodk\u00e4nda med E-m\u00e4rkt. komplett med 5 meters kabel. 1.2W 12-24V 5led orange. 110mm gummiarm. tillverkad f\u00f6r nordiskt klimat.\" \/>\n<meta property=\"og:url\" content=\"https:\/\/gylle.se\/produkt\/sidomarkeringsljus-orange-tacklock\/\" \/>\n<meta property=\"og:site_name\" content=\"Gylle Mec AB\" \/>\n<meta property=\"og:image\" content=\"https:\/\/gylle.se\/wp-content\/uploads\/2021\/12\/0000202_sidomarkeringsljus-orange-tacklock.jpeg\" \/>\n\t<meta property=\"og:image:width\" content=\"1280\" \/>\n\t<meta property=\"og:image:height\" content=\"853\" \/>\n\t<meta property=\"og:image:type\" content=\"image\/jpeg\" \/>\n<meta name=\"twitter:card\" content=\"summary_large_image\" \/>\n<script type=\"application\/ld+json\" class=\"yoast-schema-graph\">{\"@context\":\"https:\/\/schema.org\",\"@graph\":[{\"@type\":\"WebPage\",\"@id\":\"https:\/\/gylle.se\/produkt\/sidomarkeringsljus-orange-tacklock\/\",\"url\":\"https:\/\/gylle.se\/produkt\/sidomarkeringsljus-orange-tacklock\/\",\"name\":\"Sidomarkeringsljus Orange \/ T\u00e4cklock - Gylle Mec AB\",\"isPartOf\":{\"@id\":\"https:\/\/gylle.se\/#website\"},\"primaryImageOfPage\":{\"@id\":\"https:\/\/gylle.se\/produkt\/sidomarkeringsljus-orange-tacklock\/#primaryimage\"},\"image\":{\"@id\":\"https:\/\/gylle.se\/produkt\/sidomarkeringsljus-orange-tacklock\/#primaryimage\"},\"thumbnailUrl\":\"https:\/\/gylle.se\/wp-content\/uploads\/2021\/12\/0000202_sidomarkeringsljus-orange-tacklock.jpeg\",\"datePublished\":\"2021-12-02T12:47:17+00:00\",\"breadcrumb\":{\"@id\":\"https:\/\/gylle.se\/produkt\/sidomarkeringsljus-orange-tacklock\/#breadcrumb\"},\"inLanguage\":\"en-US\",\"potentialAction\":[{\"@type\":\"ReadAction\",\"target\":[\"https:\/\/gylle.se\/produkt\/sidomarkeringsljus-orange-tacklock\/\"]}]},{\"@type\":\"ImageObject\",\"inLanguage\":\"en-US\",\"@id\":\"https:\/\/gylle.se\/produkt\/sidomarkeringsljus-orange-tacklock\/#primaryimage\",\"url\":\"https:\/\/gylle.se\/wp-content\/uploads\/2021\/12\/0000202_sidomarkeringsljus-orange-tacklock.jpeg\",\"contentUrl\":\"https:\/\/gylle.se\/wp-content\/uploads\/2021\/12\/0000202_sidomarkeringsljus-orange-tacklock.jpeg\",\"width\":1280,\"height\":853},{\"@type\":\"BreadcrumbList\",\"@id\":\"https:\/\/gylle.se\/produkt\/sidomarkeringsljus-orange-tacklock\/#breadcrumb\",\"itemListElement\":[{\"@type\":\"ListItem\",\"position\":1,\"name\":\"Hem\",\"item\":\"https:\/\/gylle.se\/\"},{\"@type\":\"ListItem\",\"position\":2,\"name\":\"Products\",\"item\":\"https:\/\/gylle.se\/en\/shop-2\/\"},{\"@type\":\"ListItem\",\"position\":3,\"name\":\"Sidomarkeringsljus Orange \/ T\u00e4cklock\"}]},{\"@type\":\"WebSite\",\"@id\":\"https:\/\/gylle.se\/#website\",\"url\":\"https:\/\/gylle.se\/\",\"name\":\"Gylle Mec AB\",\"description\":\"\u00c4nnu en WordPress-webbplats\",\"publisher\":{\"@id\":\"https:\/\/gylle.se\/#organization\"},\"potentialAction\":[{\"@type\":\"SearchAction\",\"target\":{\"@type\":\"EntryPoint\",\"urlTemplate\":\"https:\/\/gylle.se\/?s={search_term_string}\"},\"query-input\":{\"@type\":\"PropertyValueSpecification\",\"valueRequired\":true,\"valueName\":\"search_term_string\"}}],\"inLanguage\":\"en-US\"},{\"@type\":\"Organization\",\"@id\":\"https:\/\/gylle.se\/#organization\",\"name\":\"Gylle Mec AB\",\"url\":\"https:\/\/gylle.se\/\",\"logo\":{\"@type\":\"ImageObject\",\"inLanguage\":\"en-US\",\"@id\":\"https:\/\/gylle.se\/#\/schema\/logo\/image\/\",\"url\":\"https:\/\/gylle.se\/wp-content\/uploads\/2021\/11\/gylle_logo.png\",\"contentUrl\":\"https:\/\/gylle.se\/wp-content\/uploads\/2021\/11\/gylle_logo.png\",\"width\":146,\"height\":150,\"caption\":\"Gylle Mec AB\"},\"image\":{\"@id\":\"https:\/\/gylle.se\/#\/schema\/logo\/image\/\"}}]}<\/script>\n<!-- \/ Yoast SEO plugin. -->","yoast_head_json":{"title":"Sidomarkeringsljus Orange \/ T\u00e4cklock - Gylle Mec AB","robots":{"index":"index","follow":"follow","max-snippet":"max-snippet:-1","max-image-preview":"max-image-preview:large","max-video-preview":"max-video-preview:-1"},"canonical":"https:\/\/gylle.se\/produkt\/sidomarkeringsljus-orange-tacklock\/","og_locale":"en_US","og_type":"article","og_title":"Sidomarkeringsljus Orange \/ T\u00e4cklock - Gylle Mec AB","og_description":"Ljusstarka h\u00f6gintensiva dioder. typgodk\u00e4nda med E-m\u00e4rkt. komplett med 5 meters kabel. 1.2W 12-24V 5led orange. 110mm gummiarm. tillverkad f\u00f6r nordiskt klimat.","og_url":"https:\/\/gylle.se\/produkt\/sidomarkeringsljus-orange-tacklock\/","og_site_name":"Gylle Mec AB","og_image":[{"width":1280,"height":853,"url":"https:\/\/gylle.se\/wp-content\/uploads\/2021\/12\/0000202_sidomarkeringsljus-orange-tacklock.jpeg","type":"image\/jpeg"}],"twitter_card":"summary_large_image","schema":{"@context":"https:\/\/schema.org","@graph":[{"@type":"WebPage","@id":"https:\/\/gylle.se\/produkt\/sidomarkeringsljus-orange-tacklock\/","url":"https:\/\/gylle.se\/produkt\/sidomarkeringsljus-orange-tacklock\/","name":"Sidomarkeringsljus Orange \/ T\u00e4cklock - Gylle Mec AB","isPartOf":{"@id":"https:\/\/gylle.se\/#website"},"primaryImageOfPage":{"@id":"https:\/\/gylle.se\/produkt\/sidomarkeringsljus-orange-tacklock\/#primaryimage"},"image":{"@id":"https:\/\/gylle.se\/produkt\/sidomarkeringsljus-orange-tacklock\/#primaryimage"},"thumbnailUrl":"https:\/\/gylle.se\/wp-content\/uploads\/2021\/12\/0000202_sidomarkeringsljus-orange-tacklock.jpeg","datePublished":"2021-12-02T12:47:17+00:00","breadcrumb":{"@id":"https:\/\/gylle.se\/produkt\/sidomarkeringsljus-orange-tacklock\/#breadcrumb"},"inLanguage":"en-US","potentialAction":[{"@type":"ReadAction","target":["https:\/\/gylle.se\/produkt\/sidomarkeringsljus-orange-tacklock\/"]}]},{"@type":"ImageObject","inLanguage":"en-US","@id":"https:\/\/gylle.se\/produkt\/sidomarkeringsljus-orange-tacklock\/#primaryimage","url":"https:\/\/gylle.se\/wp-content\/uploads\/2021\/12\/0000202_sidomarkeringsljus-orange-tacklock.jpeg","contentUrl":"https:\/\/gylle.se\/wp-content\/uploads\/2021\/12\/0000202_sidomarkeringsljus-orange-tacklock.jpeg","width":1280,"height":853},{"@type":"BreadcrumbList","@id":"https:\/\/gylle.se\/produkt\/sidomarkeringsljus-orange-tacklock\/#breadcrumb","itemListElement":[{"@type":"ListItem","position":1,"name":"Hem","item":"https:\/\/gylle.se\/"},{"@type":"ListItem","position":2,"name":"Products","item":"https:\/\/gylle.se\/en\/shop-2\/"},{"@type":"ListItem","position":3,"name":"Sidomarkeringsljus Orange \/ T\u00e4cklock"}]},{"@type":"WebSite","@id":"https:\/\/gylle.se\/#website","url":"https:\/\/gylle.se\/","name":"Gylle Mec AB","description":"\u00c4nnu en WordPress-webbplats","publisher":{"@id":"https:\/\/gylle.se\/#organization"},"potentialAction":[{"@type":"SearchAction","target":{"@type":"EntryPoint","urlTemplate":"https:\/\/gylle.se\/?s={search_term_string}"},"query-input":{"@type":"PropertyValueSpecification","valueRequired":true,"valueName":"search_term_string"}}],"inLanguage":"en-US"},{"@type":"Organization","@id":"https:\/\/gylle.se\/#organization","name":"Gylle Mec AB","url":"https:\/\/gylle.se\/","logo":{"@type":"ImageObject","inLanguage":"en-US","@id":"https:\/\/gylle.se\/#\/schema\/logo\/image\/","url":"https:\/\/gylle.se\/wp-content\/uploads\/2021\/11\/gylle_logo.png","contentUrl":"https:\/\/gylle.se\/wp-content\/uploads\/2021\/11\/gylle_logo.png","width":146,"height":150,"caption":"Gylle Mec AB"},"image":{"@id":"https:\/\/gylle.se\/#\/schema\/logo\/image\/"}}]}},"brands":[{"id":18,"name":"Gylle","slug":"gylle"}],"_links":{"self":[{"href":"https:\/\/gylle.se\/en\/wp-json\/wp\/v2\/product\/448","targetHints":{"allow":["GET"]}}],"collection":[{"href":"https:\/\/gylle.se\/en\/wp-json\/wp\/v2\/product"}],"about":[{"href":"https:\/\/gylle.se\/en\/wp-json\/wp\/v2\/types\/product"}],"replies":[{"embeddable":true,"href":"https:\/\/gylle.se\/en\/wp-json\/wp\/v2\/comments?post=448"}],"wp:featuredmedia":[{"embeddable":true,"href":"https:\/\/gylle.se\/en\/wp-json\/wp\/v2\/media\/447"}],"wp:attachment":[{"href":"https:\/\/gylle.se\/en\/wp-json\/wp\/v2\/media?parent=448"}],"wp:term":[{"taxonomy":"pwb-brand","embeddable":true,"href":"https:\/\/gylle.se\/en\/wp-json\/wp\/v2\/pwb-brand?post=448"},{"taxonomy":"product_brand","embeddable":true,"href":"https:\/\/gylle.se\/en\/wp-json\/wp\/v2\/product_brand?post=448"},{"taxonomy":"product_cat","embeddable":true,"href":"https:\/\/gylle.se\/en\/wp-json\/wp\/v2\/product_cat?post=448"},{"taxonomy":"product_tag","embeddable":true,"href":"https:\/\/gylle.se\/en\/wp-json\/wp\/v2\/product_tag?post=448"}],"curies":[{"name":"wp","href":"https:\/\/api.w.org\/{rel}","templated":true}]}}